{"id":87,"date":"2018-08-28T12:51:28","date_gmt":"2018-08-28T15:51:28","guid":{"rendered":"https:\/\/cafemunay.cl\/?page_id=87"},"modified":"2020-04-14T18:30:41","modified_gmt":"2020-04-14T22:30:41","slug":"nosotros","status":"publish","type":"page","link":"https:\/\/cafemunay.cl\/en\/nosotros\/","title":{"rendered":"About us"},"content":{"rendered":"\t\t<div data-elementor-type=\"wp-post\" data-elementor-id=\"87\" class=\"elementor elementor-87\" data-elementor-post-type=\"page\">\n\t\t\t\t\t\t<section class=\"elementor-section elementor-top-section elementor-element elementor-element-5787bc9b elementor-section-height-min-height elementor-section-boxed elementor-section-height-default elementor-section-items-middle\" data-id=\"5787bc9b\" data-element_type=\"section\" data-e-type=\"section\" data-settings=\"{&quot;background_background&quot;:&quot;classic&quot;}\">\n\t\t\t\t\t\t\t<div class=\"elementor-background-overlay\"><\/div>\n\t\t\t\t\t\t\t<div class=\"elementor-container elementor-column-gap-default\">\n\t\t\t\t\t<div class=\"elementor-column elementor-col-100 elementor-top-column elementor-element elementor-element-62abcea1\" data-id=\"62abcea1\" data-element_type=\"column\" data-e-type=\"column\">\n\t\t\t<div class=\"elementor-widget-wrap elementor-element-populated\">\n\t\t\t\t\t\t<div class=\"elementor-element elementor-element-63f10055 elementor-widget elementor-widget-heading\" data-id=\"63f10055\" data-element_type=\"widget\" data-e-type=\"widget\" data-widget_type=\"heading.default\">\n\t\t\t\t<div class=\"elementor-widget-container\">\n\t\t\t\t\t<h3 class=\"elementor-heading-title elementor-size-default\">Con Amor de Familia<\/h3>\t\t\t\t<\/div>\n\t\t\t\t<\/div>\n\t\t\t\t\t<\/div>\n\t\t<\/div>\n\t\t\t\t\t<\/div>\n\t\t<\/section>\n\t\t\t\t<section class=\"elementor-section elementor-top-section elementor-element elementor-element-5db4869 elementor-section-boxed elementor-section-height-default elementor-section-height-default\" data-id=\"5db4869\" data-element_type=\"section\" data-e-type=\"section\">\n\t\t\t\t\t\t<div class=\"elementor-container elementor-column-gap-no\">\n\t\t\t\t\t<div class=\"elementor-column elementor-col-50 elementor-top-column elementor-element elementor-element-eb70ed0\" data-id=\"eb70ed0\" data-element_type=\"column\" data-e-type=\"column\">\n\t\t\t<div class=\"elementor-widget-wrap elementor-element-populated\">\n\t\t\t\t\t\t<div class=\"elementor-element elementor-element-e6b9363 elementor-widget elementor-widget-heading\" data-id=\"e6b9363\" data-element_type=\"widget\" data-e-type=\"widget\" data-widget_type=\"heading.default\">\n\t\t\t\t<div class=\"elementor-widget-container\">\n\t\t\t\t\t<h2 class=\"elementor-heading-title elementor-size-default\">Un lugar <br>\nde recuerdos <\/h2>\t\t\t\t<\/div>\n\t\t\t\t<\/div>\n\t\t\t\t<div class=\"elementor-element elementor-element-7864ad6 elementor-widget elementor-widget-text-editor\" data-id=\"7864ad6\" data-element_type=\"widget\" data-e-type=\"widget\" data-widget_type=\"text-editor.default\">\n\t\t\t\t<div class=\"elementor-widget-container\">\n\t\t\t\t\t\t\t\t\t<p><span lang=\"ES\" style=\"mso-ansi-language: ES;\">Munay es una cafeter\u00eda basada en captar la esencia andina, con comidas inspiradas en ingredientes t\u00edpicos de nuestra zona.<\/span><\/p><p>Creado en un ambiente tranquilo y acogedor para todas aquellas personas que quieran hacer una pausa en el d\u00eda a d\u00eda y desconectarse de la rutina.<\/p><p class=\"MsoNormal\"><span lang=\"ES\" style=\"mso-ansi-language: ES;\">La esencia Munay quedar\u00e1 plasmada en cada viajero que visite nuestro lugar de encuentro, conociendo un poquito de nuestra hermosa cultura y esencia andina.<\/span><\/p>\t\t\t\t\t\t\t\t<\/div>\n\t\t\t\t<\/div>\n\t\t\t\t\t<\/div>\n\t\t<\/div>\n\t\t\t\t<div class=\"elementor-column elementor-col-50 elementor-top-column elementor-element elementor-element-31e80a1\" data-id=\"31e80a1\" data-element_type=\"column\" data-e-type=\"column\">\n\t\t\t<div class=\"elementor-widget-wrap elementor-element-populated\">\n\t\t\t\t\t\t<div class=\"elementor-element elementor-element-67518a2 elementor-widget elementor-widget-image\" data-id=\"67518a2\" data-element_type=\"widget\" data-e-type=\"widget\" data-widget_type=\"image.default\">\n\t\t\t\t<div class=\"elementor-widget-container\">\n\t\t\t\t\t\t\t\t\t\t\t\t\t\t\t<img fetchpriority=\"high\" decoding=\"async\" width=\"675\" height=\"675\" src=\"https:\/\/cafemunay.cl\/wp-content\/uploads\/2018\/08\/19875396_676797492515637_2827120224448298317_n.jpg\" class=\"attachment-large size-large wp-image-49\" alt=\"\" srcset=\"https:\/\/cafemunay.cl\/wp-content\/uploads\/2018\/08\/19875396_676797492515637_2827120224448298317_n.jpg 675w, https:\/\/cafemunay.cl\/wp-content\/uploads\/2018\/08\/19875396_676797492515637_2827120224448298317_n-150x150.jpg 150w, https:\/\/cafemunay.cl\/wp-content\/uploads\/2018\/08\/19875396_676797492515637_2827120224448298317_n-300x300.jpg 300w\" sizes=\"(max-width: 675px) 100vw, 675px\" \/>\t\t\t\t\t\t\t\t\t\t\t\t\t\t\t<\/div>\n\t\t\t\t<\/div>\n\t\t\t\t\t<\/div>\n\t\t<\/div>\n\t\t\t\t\t<\/div>\n\t\t<\/section>\n\t\t\t\t<section class=\"elementor-section elementor-top-section elementor-element elementor-element-bfd581e elementor-section-content-middle elementor-section-boxed elementor-section-height-default elementor-section-height-default elementor-invisible\" data-id=\"bfd581e\" data-element_type=\"section\" data-e-type=\"section\" data-settings=\"{&quot;background_background&quot;:&quot;classic&quot;,&quot;animation&quot;:&quot;fadeIn&quot;}\">\n\t\t\t\t\t\t\t<div class=\"elementor-background-overlay\"><\/div>\n\t\t\t\t\t\t\t<div class=\"elementor-container elementor-column-gap-no\">\n\t\t\t\t\t<div class=\"elementor-column elementor-col-100 elementor-top-column elementor-element elementor-element-3e8759a\" data-id=\"3e8759a\" data-element_type=\"column\" data-e-type=\"column\">\n\t\t\t<div class=\"elementor-widget-wrap elementor-element-populated\">\n\t\t\t\t\t\t<div class=\"elementor-element elementor-element-a5e9817 elementor-widget elementor-widget-testimonial\" data-id=\"a5e9817\" data-element_type=\"widget\" data-e-type=\"widget\" data-widget_type=\"testimonial.default\">\n\t\t\t\t<div class=\"elementor-widget-container\">\n\t\t\t\t\t\t\t<div class=\"elementor-testimonial-wrapper\">\n\t\t\t\t\t\t\t<div class=\"elementor-testimonial-content\">El munay es un principio andino que nos habla de la voluntad del amor, el amor rec\u00edproco con prop\u00f3sito es la verdadera esencia del munay andino, que es algo tan sencillo como caminar juntos en la misma direcci\u00f3n a\u00fan si somos diferentes en cuerpo y mente.<\/div>\n\t\t\t\n\t\t\t\t\t\t<div class=\"elementor-testimonial-meta\">\n\t\t\t\t<div class=\"elementor-testimonial-meta-inner\">\n\t\t\t\t\t\n\t\t\t\t\t\t\t\t\t\t<div class=\"elementor-testimonial-details\">\n\t\t\t\t\t\t\t\t\t\t\t\t\t\t\t\t\t\t\t\t<div class=\"elementor-testimonial-job\">Munay<\/div>\n\t\t\t\t\t\t\t\t\t\t\t\t\t<\/div>\n\t\t\t\t\t\t\t\t\t<\/div>\n\t\t\t<\/div>\n\t\t\t\t\t<\/div>\n\t\t\t\t\t\t<\/div>\n\t\t\t\t<\/div>\n\t\t\t\t\t<\/div>\n\t\t<\/div>\n\t\t\t\t\t<\/div>\n\t\t<\/section>\n\t\t\t\t<section class=\"elementor-section elementor-top-section elementor-element elementor-element-72f2a50e elementor-section-height-min-height elementor-section-items-stretch elementor-section-boxed elementor-section-height-default\" data-id=\"72f2a50e\" data-element_type=\"section\" data-e-type=\"section\" data-settings=\"{&quot;background_background&quot;:&quot;classic&quot;}\">\n\t\t\t\t\t\t\t<div class=\"elementor-background-overlay\"><\/div>\n\t\t\t\t\t\t\t<div class=\"elementor-container elementor-column-gap-no\">\n\t\t\t\t\t<div class=\"elementor-column elementor-col-100 elementor-top-column elementor-element elementor-element-5eed25fb\" data-id=\"5eed25fb\" data-element_type=\"column\" data-e-type=\"column\" data-settings=\"{&quot;background_background&quot;:&quot;classic&quot;}\">\n\t\t\t<div class=\"elementor-widget-wrap elementor-element-populated\">\n\t\t\t\t\t\t<div class=\"elementor-element elementor-element-389b0f6d elementor-widget elementor-widget-heading\" data-id=\"389b0f6d\" data-element_type=\"widget\" data-e-type=\"widget\" data-widget_type=\"heading.default\">\n\t\t\t\t<div class=\"elementor-widget-container\">\n\t\t\t\t\t<h1 class=\"elementor-heading-title elementor-size-default\">Cont\u00e1ctanos<\/h1>\t\t\t\t<\/div>\n\t\t\t\t<\/div>\n\t\t\t\t<div class=\"elementor-element elementor-element-760d0202 elementor-button-align-stretch elementor-widget elementor-widget-form\" data-id=\"760d0202\" data-element_type=\"widget\" data-e-type=\"widget\" data-settings=\"{&quot;button_width&quot;:&quot;100&quot;,&quot;step_next_label&quot;:&quot;Next&quot;,&quot;step_previous_label&quot;:&quot;Previous&quot;,&quot;step_type&quot;:&quot;number_text&quot;,&quot;step_icon_shape&quot;:&quot;circle&quot;}\" data-widget_type=\"form.default\">\n\t\t\t\t<div class=\"elementor-widget-container\">\n\t\t\t\t\t\t\t<form class=\"elementor-form\" method=\"post\" name=\"Cont\u00e1ctanos \">\n\t\t\t<input type=\"hidden\" name=\"post_id\" value=\"87\"\/>\n\t\t\t<input type=\"hidden\" name=\"form_id\" value=\"760d0202\"\/>\n\t\t\t<input type=\"hidden\" name=\"referer_title\" value=\"Nosotros | Caf\u00e9 Munay\" \/>\n\n\t\t\t\t\t\t\t<input type=\"hidden\" name=\"queried_id\" value=\"87\"\/>\n\t\t\t\n\t\t\t<div class=\"elementor-form-fields-wrapper elementor-labels-\">\n\t\t\t\t\t\t\t\t<div class=\"elementor-field-type-text elementor-field-group elementor-column elementor-field-group-eovd5tr elementor-col-100 elementor-field-required\">\n\t\t\t\t\t\t\t\t\t\t\t\t<label for=\"form-field-eovd5tr\" class=\"elementor-field-label elementor-screen-only\">\n\t\t\t\t\t\t\t\tNombre\t\t\t\t\t\t\t<\/label>\n\t\t\t\t\t\t\t\t\t\t\t\t\t\t<input size=\"1\" type=\"text\" name=\"form_fields[eovd5tr]\" id=\"form-field-eovd5tr\" class=\"elementor-field elementor-size-sm  elementor-field-textual\" placeholder=\"Nombre\" required=\"required\" aria-required=\"true\">\n\t\t\t\t\t\t\t\t\t\t\t<\/div>\n\t\t\t\t\t\t\t\t<div class=\"elementor-field-type-email elementor-field-group elementor-column elementor-field-group-68frv7y elementor-col-100 elementor-field-required\">\n\t\t\t\t\t\t\t\t\t\t\t\t<label for=\"form-field-68frv7y\" class=\"elementor-field-label elementor-screen-only\">\n\t\t\t\t\t\t\t\tEmail\t\t\t\t\t\t\t<\/label>\n\t\t\t\t\t\t\t\t\t\t\t\t\t\t<input size=\"1\" type=\"email\" name=\"form_fields[68frv7y]\" id=\"form-field-68frv7y\" class=\"elementor-field elementor-size-sm  elementor-field-textual\" placeholder=\"Email\" required=\"required\" aria-required=\"true\">\n\t\t\t\t\t\t\t\t\t\t\t<\/div>\n\t\t\t\t\t\t\t\t<div class=\"elementor-field-type-tel elementor-field-group elementor-column elementor-field-group-5b1d831 elementor-col-100 elementor-field-required\">\n\t\t\t\t\t\t\t\t\t\t\t\t<label for=\"form-field-5b1d831\" class=\"elementor-field-label elementor-screen-only\">\n\t\t\t\t\t\t\t\tTel\u00e9fono \t\t\t\t\t\t\t<\/label>\n\t\t\t\t\t\t\t\t<input size=\"1\" type=\"tel\" name=\"form_fields[5b1d831]\" id=\"form-field-5b1d831\" class=\"elementor-field elementor-size-sm  elementor-field-textual\" placeholder=\"Tel\u00e9fono\" required=\"required\" aria-required=\"true\" pattern=\"[0-9()#&amp;+*-=.]+\" title=\"Only numbers and phone characters (#, -, *, etc) are accepted.\">\n\n\t\t\t\t\t\t<\/div>\n\t\t\t\t\t\t\t\t<div class=\"elementor-field-type-textarea elementor-field-group elementor-column elementor-field-group-p0rl9g7 elementor-col-100 elementor-field-required\">\n\t\t\t\t\t\t\t\t\t\t\t\t<label for=\"form-field-p0rl9g7\" class=\"elementor-field-label elementor-screen-only\">\n\t\t\t\t\t\t\t\tMensaje\t\t\t\t\t\t\t<\/label>\n\t\t\t\t\t\t<textarea class=\"elementor-field-textual elementor-field  elementor-size-sm\" name=\"form_fields[p0rl9g7]\" id=\"form-field-p0rl9g7\" rows=\"4\" placeholder=\"Mensaje\" required=\"required\" aria-required=\"true\"><\/textarea>\t\t\t\t<\/div>\n\t\t\t\t\t\t\t\t<div class=\"elementor-field-type-recaptcha elementor-field-group elementor-column elementor-field-group-15a56fd elementor-col-100\">\n\t\t\t\t\t<div class=\"elementor-field\" id=\"form-field-15a56fd\"><div class=\"elementor-g-recaptcha\" data-sitekey=\"6LerB4IUAAAAACA7MovCiygZl1epwB74MXtq1X-v\" data-type=\"v2_checkbox\" data-theme=\"light\" data-size=\"normal\"><\/div><\/div>\t\t\t\t<\/div>\n\t\t\t\t\t\t\t\t<div class=\"elementor-field-group elementor-column elementor-field-type-submit elementor-col-100 e-form__buttons\">\n\t\t\t\t\t<button class=\"elementor-button elementor-size-sm\" type=\"submit\">\n\t\t\t\t\t\t<span class=\"elementor-button-content-wrapper\">\n\t\t\t\t\t\t\t\t\t\t\t\t\t\t\t\t\t\t\t\t\t\t<span class=\"elementor-button-text\">Contactar<\/span>\n\t\t\t\t\t\t\t\t\t\t\t\t\t<\/span>\n\t\t\t\t\t<\/button>\n\t\t\t\t<\/div>\n\t\t\t<\/div>\n\t\t<\/form>\n\t\t\t\t\t\t<\/div>\n\t\t\t\t<\/div>\n\t\t\t\t\t<\/div>\n\t\t<\/div>\n\t\t\t\t\t<\/div>\n\t\t<\/section>\n\t\t\t\t<\/div>\n\t\t<!-- AddThis Advanced Settings generic via filter on the_content --><!-- AddThis Share Buttons generic via filter on the_content -->","protected":false},"excerpt":{"rendered":"<p>Con Amor de Familia Un lugar de recuerdos Munay es una cafeter\u00eda basada en captar la esencia andina, con comidas inspiradas en ingredientes t\u00edpicos de nuestra zona. Creado en un ambiente tranquilo y acogedor para todas aquellas personas que quieran hacer una pausa en el d\u00eda a d\u00eda y desconectarse de la rutina. La esencia [&hellip;]<!-- AddThis Advanced Settings generic via filter on get_the_excerpt --><!-- AddThis Share Buttons generic via filter on get_the_excerpt --><\/p>\n","protected":false},"author":1,"featured_media":0,"parent":0,"menu_order":0,"comment_status":"closed","ping_status":"closed","template":"elementor_header_footer","meta":{"_seopress_robots_primary_cat":"","_seopress_titles_title":"","_seopress_titles_desc":"","_seopress_robots_index":"","_monsterinsights_skip_tracking":false,"_monsterinsights_sitenote_active":false,"_monsterinsights_sitenote_note":"","_monsterinsights_sitenote_category":0,"footnotes":""},"class_list":["post-87","page","type-page","status-publish","hentry"],"yoast_head":"<!-- This site is optimized with the Yoast SEO plugin v27.5 - https:\/\/yoast.com\/product\/yoast-seo-wordpress\/ -->\n<title>Nosotros | Caf\u00e9 Munay<\/title>\n<meta name=\"robots\" content=\"index, follow, max-snippet:-1, max-image-preview:large, max-video-preview:-1\" \/>\n<link rel=\"canonical\" href=\"https:\/\/cafemunay.cl\/en\/nosotros\/\" \/>\n<meta property=\"og:locale\" content=\"en_US\" \/>\n<meta property=\"og:type\" content=\"article\" \/>\n<meta property=\"og:title\" content=\"Nosotros | Caf\u00e9 Munay\" \/>\n<meta property=\"og:description\" content=\"Con Amor de Familia Un lugar de recuerdos Munay es una cafeter\u00eda basada en captar la esencia andina, con comidas inspiradas en ingredientes t\u00edpicos de nuestra zona. Creado en un ambiente tranquilo y acogedor para todas aquellas personas que quieran hacer una pausa en el d\u00eda a d\u00eda y desconectarse de la rutina. La esencia [&hellip;]\" \/>\n<meta property=\"og:url\" content=\"https:\/\/cafemunay.cl\/en\/nosotros\/\" \/>\n<meta property=\"og:site_name\" content=\"Caf\u00e9 Munay\" \/>\n<meta property=\"article:publisher\" content=\"https:\/\/www.facebook.com\/cafemunay\/\" \/>\n<meta property=\"article:modified_time\" content=\"2020-04-14T22:30:41+00:00\" \/>\n<meta property=\"og:image\" content=\"https:\/\/cafemunay.cl\/wp-content\/uploads\/2018\/08\/19875396_676797492515637_2827120224448298317_n.jpg\" \/>\n<meta name=\"twitter:card\" content=\"summary_large_image\" \/>\n<meta name=\"twitter:label1\" content=\"Est. reading time\" \/>\n\t<meta name=\"twitter:data1\" content=\"1 minute\" \/>\n<script type=\"application\/ld+json\" class=\"yoast-schema-graph\">{\"@context\":\"https:\\\/\\\/schema.org\",\"@graph\":[{\"@type\":\"WebPage\",\"@id\":\"https:\\\/\\\/cafemunay.cl\\\/nosotros\\\/\",\"url\":\"https:\\\/\\\/cafemunay.cl\\\/nosotros\\\/\",\"name\":\"Nosotros | Caf\u00e9 Munay\",\"isPartOf\":{\"@id\":\"https:\\\/\\\/cafemunay.cl\\\/#website\"},\"primaryImageOfPage\":{\"@id\":\"https:\\\/\\\/cafemunay.cl\\\/nosotros\\\/#primaryimage\"},\"image\":{\"@id\":\"https:\\\/\\\/cafemunay.cl\\\/nosotros\\\/#primaryimage\"},\"thumbnailUrl\":\"https:\\\/\\\/cafemunay.cl\\\/wp-content\\\/uploads\\\/2018\\\/08\\\/19875396_676797492515637_2827120224448298317_n.jpg\",\"datePublished\":\"2018-08-28T15:51:28+00:00\",\"dateModified\":\"2020-04-14T22:30:41+00:00\",\"breadcrumb\":{\"@id\":\"https:\\\/\\\/cafemunay.cl\\\/nosotros\\\/#breadcrumb\"},\"inLanguage\":\"en-US\",\"potentialAction\":[{\"@type\":\"ReadAction\",\"target\":[\"https:\\\/\\\/cafemunay.cl\\\/nosotros\\\/\"]}]},{\"@type\":\"ImageObject\",\"inLanguage\":\"en-US\",\"@id\":\"https:\\\/\\\/cafemunay.cl\\\/nosotros\\\/#primaryimage\",\"url\":\"https:\\\/\\\/cafemunay.cl\\\/wp-content\\\/uploads\\\/2018\\\/08\\\/19875396_676797492515637_2827120224448298317_n.jpg\",\"contentUrl\":\"https:\\\/\\\/cafemunay.cl\\\/wp-content\\\/uploads\\\/2018\\\/08\\\/19875396_676797492515637_2827120224448298317_n.jpg\"},{\"@type\":\"BreadcrumbList\",\"@id\":\"https:\\\/\\\/cafemunay.cl\\\/nosotros\\\/#breadcrumb\",\"itemListElement\":[{\"@type\":\"ListItem\",\"position\":1,\"name\":\"Portada\",\"item\":\"https:\\\/\\\/cafemunay.cl\\\/\"},{\"@type\":\"ListItem\",\"position\":2,\"name\":\"Nosotros\"}]},{\"@type\":\"WebSite\",\"@id\":\"https:\\\/\\\/cafemunay.cl\\\/#website\",\"url\":\"https:\\\/\\\/cafemunay.cl\\\/\",\"name\":\"Caf\u00e9 Munay\",\"description\":\"Con Amor De Familia\",\"publisher\":{\"@id\":\"https:\\\/\\\/cafemunay.cl\\\/#organization\"},\"potentialAction\":[{\"@type\":\"SearchAction\",\"target\":{\"@type\":\"EntryPoint\",\"urlTemplate\":\"https:\\\/\\\/cafemunay.cl\\\/?s={search_term_string}\"},\"query-input\":{\"@type\":\"PropertyValueSpecification\",\"valueRequired\":true,\"valueName\":\"search_term_string\"}}],\"inLanguage\":\"en-US\"},{\"@type\":\"Organization\",\"@id\":\"https:\\\/\\\/cafemunay.cl\\\/#organization\",\"name\":\"Caf\u00e9 Munay\",\"url\":\"https:\\\/\\\/cafemunay.cl\\\/\",\"logo\":{\"@type\":\"ImageObject\",\"inLanguage\":\"en-US\",\"@id\":\"https:\\\/\\\/cafemunay.cl\\\/#\\\/schema\\\/logo\\\/image\\\/\",\"url\":\"https:\\\/\\\/cafemunay.cl\\\/wp-content\\\/uploads\\\/2018\\\/08\\\/19875396_676797492515637_2827120224448298317_n.jpg\",\"contentUrl\":\"https:\\\/\\\/cafemunay.cl\\\/wp-content\\\/uploads\\\/2018\\\/08\\\/19875396_676797492515637_2827120224448298317_n.jpg\",\"width\":675,\"height\":675,\"caption\":\"Caf\u00e9 Munay\"},\"image\":{\"@id\":\"https:\\\/\\\/cafemunay.cl\\\/#\\\/schema\\\/logo\\\/image\\\/\"},\"sameAs\":[\"https:\\\/\\\/www.facebook.com\\\/cafemunay\\\/\"]}]}<\/script>\n<!-- \/ Yoast SEO plugin. -->","yoast_head_json":{"title":"Nosotros | Caf\u00e9 Munay","robots":{"index":"index","follow":"follow","max-snippet":"max-snippet:-1","max-image-preview":"max-image-preview:large","max-video-preview":"max-video-preview:-1"},"canonical":"https:\/\/cafemunay.cl\/en\/nosotros\/","og_locale":"en_US","og_type":"article","og_title":"Nosotros | Caf\u00e9 Munay","og_description":"Con Amor de Familia Un lugar de recuerdos Munay es una cafeter\u00eda basada en captar la esencia andina, con comidas inspiradas en ingredientes t\u00edpicos de nuestra zona. Creado en un ambiente tranquilo y acogedor para todas aquellas personas que quieran hacer una pausa en el d\u00eda a d\u00eda y desconectarse de la rutina. La esencia [&hellip;]","og_url":"https:\/\/cafemunay.cl\/en\/nosotros\/","og_site_name":"Caf\u00e9 Munay","article_publisher":"https:\/\/www.facebook.com\/cafemunay\/","article_modified_time":"2020-04-14T22:30:41+00:00","og_image":[{"url":"https:\/\/cafemunay.cl\/wp-content\/uploads\/2018\/08\/19875396_676797492515637_2827120224448298317_n.jpg","type":"","width":"","height":""}],"twitter_card":"summary_large_image","twitter_misc":{"Est. reading time":"1 minute"},"schema":{"@context":"https:\/\/schema.org","@graph":[{"@type":"WebPage","@id":"https:\/\/cafemunay.cl\/nosotros\/","url":"https:\/\/cafemunay.cl\/nosotros\/","name":"Nosotros | Caf\u00e9 Munay","isPartOf":{"@id":"https:\/\/cafemunay.cl\/#website"},"primaryImageOfPage":{"@id":"https:\/\/cafemunay.cl\/nosotros\/#primaryimage"},"image":{"@id":"https:\/\/cafemunay.cl\/nosotros\/#primaryimage"},"thumbnailUrl":"https:\/\/cafemunay.cl\/wp-content\/uploads\/2018\/08\/19875396_676797492515637_2827120224448298317_n.jpg","datePublished":"2018-08-28T15:51:28+00:00","dateModified":"2020-04-14T22:30:41+00:00","breadcrumb":{"@id":"https:\/\/cafemunay.cl\/nosotros\/#breadcrumb"},"inLanguage":"en-US","potentialAction":[{"@type":"ReadAction","target":["https:\/\/cafemunay.cl\/nosotros\/"]}]},{"@type":"ImageObject","inLanguage":"en-US","@id":"https:\/\/cafemunay.cl\/nosotros\/#primaryimage","url":"https:\/\/cafemunay.cl\/wp-content\/uploads\/2018\/08\/19875396_676797492515637_2827120224448298317_n.jpg","contentUrl":"https:\/\/cafemunay.cl\/wp-content\/uploads\/2018\/08\/19875396_676797492515637_2827120224448298317_n.jpg"},{"@type":"BreadcrumbList","@id":"https:\/\/cafemunay.cl\/nosotros\/#breadcrumb","itemListElement":[{"@type":"ListItem","position":1,"name":"Portada","item":"https:\/\/cafemunay.cl\/"},{"@type":"ListItem","position":2,"name":"Nosotros"}]},{"@type":"WebSite","@id":"https:\/\/cafemunay.cl\/#website","url":"https:\/\/cafemunay.cl\/","name":"Caf\u00e9 Munay","description":"Con Amor De Familia","publisher":{"@id":"https:\/\/cafemunay.cl\/#organization"},"potentialAction":[{"@type":"SearchAction","target":{"@type":"EntryPoint","urlTemplate":"https:\/\/cafemunay.cl\/?s={search_term_string}"},"query-input":{"@type":"PropertyValueSpecification","valueRequired":true,"valueName":"search_term_string"}}],"inLanguage":"en-US"},{"@type":"Organization","@id":"https:\/\/cafemunay.cl\/#organization","name":"Caf\u00e9 Munay","url":"https:\/\/cafemunay.cl\/","logo":{"@type":"ImageObject","inLanguage":"en-US","@id":"https:\/\/cafemunay.cl\/#\/schema\/logo\/image\/","url":"https:\/\/cafemunay.cl\/wp-content\/uploads\/2018\/08\/19875396_676797492515637_2827120224448298317_n.jpg","contentUrl":"https:\/\/cafemunay.cl\/wp-content\/uploads\/2018\/08\/19875396_676797492515637_2827120224448298317_n.jpg","width":675,"height":675,"caption":"Caf\u00e9 Munay"},"image":{"@id":"https:\/\/cafemunay.cl\/#\/schema\/logo\/image\/"},"sameAs":["https:\/\/www.facebook.com\/cafemunay\/"]}]}},"_links":{"self":[{"href":"https:\/\/cafemunay.cl\/en\/wp-json\/wp\/v2\/pages\/87","targetHints":{"allow":["GET"]}}],"collection":[{"href":"https:\/\/cafemunay.cl\/en\/wp-json\/wp\/v2\/pages"}],"about":[{"href":"https:\/\/cafemunay.cl\/en\/wp-json\/wp\/v2\/types\/page"}],"author":[{"embeddable":true,"href":"https:\/\/cafemunay.cl\/en\/wp-json\/wp\/v2\/users\/1"}],"replies":[{"embeddable":true,"href":"https:\/\/cafemunay.cl\/en\/wp-json\/wp\/v2\/comments?post=87"}],"version-history":[{"count":28,"href":"https:\/\/cafemunay.cl\/en\/wp-json\/wp\/v2\/pages\/87\/revisions"}],"predecessor-version":[{"id":972,"href":"https:\/\/cafemunay.cl\/en\/wp-json\/wp\/v2\/pages\/87\/revisions\/972"}],"wp:attachment":[{"href":"https:\/\/cafemunay.cl\/en\/wp-json\/wp\/v2\/media?parent=87"}],"curies":[{"name":"wp","href":"https:\/\/api.w.org\/{rel}","templated":true}]}}